{"id":22,"date":"2015-09-28T23:09:18","date_gmt":"2015-09-28T21:09:18","guid":{"rendered":"http:\/\/www.glofin.se\/?page_id=22"},"modified":"2015-10-26T10:42:42","modified_gmt":"2015-10-26T09:42:42","slug":"services","status":"publish","type":"page","link":"http:\/\/www.glofin.se\/sv\/our-services\/services\/","title":{"rendered":"Leasing, Hyra och Kundfinansiering"},"content":{"rendered":"<p>Exempel p\u00e5 tj\u00e4nster<\/p>\n<ul>\n<li>Aff\u00e4rsdriven utveckling av hyres- och kundfinansieringsstrategi, Sverige och internationellt, omfattande s\u00e5v\u00e4l enstaka aff\u00e4rer som hela program.<\/li>\n<li>Upphandling och f\u00f6rhandling avseende samarbetsavtal med l\u00e4mpliga finansbolag i olika marknader,<\/li>\n<li>Hantering av l\u00f6pande kontakter med finansbolag (kvartalsvis uppf\u00f6ljning samt eventuellt ocks\u00e5 viss administration s\u00e5som kreditans\u00f6kningar, kontraktsadministration, \u00e4ndringar i l\u00f6pande avtal etc.),<\/li>\n<li>Utveckling och utf\u00e4rdande av offerter,<\/li>\n<li>Bevakning och f\u00f6rhandling av kundavtal, t ex. i samband med end-of-lease,<\/li>\n<li>Medverkan vid kundbes\u00f6k,<\/li>\n<li>Utbildning av personal samt medverkan i workshops,<\/li>\n<li>Projektfinansiering.<\/li>\n<\/ul>\n<p>Tveka inte kontakta undertecknade f\u00f6r en f\u00f6ruts\u00e4ttningsl\u00f6s diskussion om v\u00e5ra tj\u00e4nster.<\/p>\n<p>&nbsp;<\/p>","protected":false},"excerpt":{"rendered":"<p>Exempel p\u00e5 tj\u00e4nster Aff\u00e4rsdriven utveckling av hyres- och kundfinansieringsstrategi, Sverige och internationellt, omfattande s\u00e5v\u00e4l enstaka aff\u00e4rer som hela program. Upphandling och f\u00f6rhandling avseende samarbetsavtal med l\u00e4mpliga finansbolag i olika marknader, Hantering av l\u00f6pande kontakter med finansbolag (kvartalsvis uppf\u00f6ljning samt eventuellt ocks\u00e5 viss administration s\u00e5som kreditans\u00f6kningar, kontraktsadministration, \u00e4ndringar i l\u00f6pande avtal etc.), Utveckling och utf\u00e4rdande av [&hellip;]<\/p>\n","protected":false},"author":1,"featured_media":0,"parent":29,"menu_order":0,"comment_status":"closed","ping_status":"closed","template":"page-templates\/full-width-page.php","meta":[],"_links":{"self":[{"href":"http:\/\/www.glofin.se\/sv\/wp-json\/wp\/v2\/pages\/22"}],"collection":[{"href":"http:\/\/www.glofin.se\/sv\/wp-json\/wp\/v2\/pages"}],"about":[{"href":"http:\/\/www.glofin.se\/sv\/wp-json\/wp\/v2\/types\/page"}],"author":[{"embeddable":true,"href":"http:\/\/www.glofin.se\/sv\/wp-json\/wp\/v2\/users\/1"}],"replies":[{"embeddable":true,"href":"http:\/\/www.glofin.se\/sv\/wp-json\/wp\/v2\/comments?post=22"}],"version-history":[{"count":5,"href":"http:\/\/www.glofin.se\/sv\/wp-json\/wp\/v2\/pages\/22\/revisions"}],"predecessor-version":[{"id":108,"href":"http:\/\/www.glofin.se\/sv\/wp-json\/wp\/v2\/pages\/22\/revisions\/108"}],"up":[{"embeddable":true,"href":"http:\/\/www.glofin.se\/sv\/wp-json\/wp\/v2\/pages\/29"}],"wp:attachment":[{"href":"http:\/\/www.glofin.se\/sv\/wp-json\/wp\/v2\/media?parent=22"}],"curies":[{"name":"wp","href":"https:\/\/api.w.org\/{rel}","templated":true}]}}