{"id":25,"date":"2015-09-28T23:12:04","date_gmt":"2015-09-28T21:12:04","guid":{"rendered":"http:\/\/www.glofin.se\/?page_id=25"},"modified":"2015-10-06T11:32:55","modified_gmt":"2015-10-06T09:32:55","slug":"trade-finance-and-export-related-services","status":"publish","type":"page","link":"http:\/\/www.glofin.se\/sv\/our-services\/trade-finance-and-export-related-services\/","title":{"rendered":"Trade Finance &#038; Exportrelaterade Tj\u00e4nster"},"content":{"rendered":"<p>GloFin kan ocks\u00e5 via samarbete med mycket erfarna och kompetenta partners \u00e4ven tillhandah\u00e5lla andra Trade Finance- och Exportrelaterade tj\u00e4nster, t ex:<\/p>\n<ul>\n<li>R\u00e5dgivning betr\u00e4ffande olika finansieringsformer (remburser, v\u00e4xlar, promissory notes etc.),<\/li>\n<li>Ans\u00f6kning\/r\u00e5dgivning i samband kreditf\u00f6rs\u00e4kringar (EKN och privata alternativ), inklusive uppr\u00e4ttande av \u00a0 \u00a0 \u00a0 \u00a0 \u00a0 \u00a0 \u00a0 \u00a0 \u00a0 \u00a0 \u00a0 \u00a0 \u00a0 \u00a0 \u00a0 \u00a0 \u00a0 \u00a0 \u00a0 \u00a0 \u00a0 \u00a0 \u00a0 \u00a0 \u00a0n\u00f6dv\u00e4ndiga\u00a0ans\u00f6kningshandlingar, exempelvis aff\u00e4rsplan,<\/li>\n<li>Utformning av dokument, t ex. garantier kontrakt, offerter\u00a0och \u00a0betalinstrument,<\/li>\n<li>R\u00e5dgivning och ans\u00f6kningar betr\u00e4ffande olika former av bidrag,<\/li>\n<li>Uppr\u00e4tta kreditpolicy och rutiner som s\u00e4krar kundinbetalningar,<\/li>\n<li>R\u00e5dgivning betr\u00e4ffande utformning av offerter, avtal ( kontrakt \/ orderbekr\u00e4ftelse )\u00a0 samt kontraktsgarantier,<\/li>\n<\/ul>\n<p>Tvekan inte kontakta undertecknade f\u00f6r en f\u00f6ruts\u00e4ttningsl\u00f6s diskussion om dessa tj\u00e4nster.<\/p>\n<p>&nbsp;<\/p>","protected":false},"excerpt":{"rendered":"<p>GloFin kan ocks\u00e5 via samarbete med mycket erfarna och kompetenta partners \u00e4ven tillhandah\u00e5lla andra Trade Finance- och Exportrelaterade tj\u00e4nster, t ex: R\u00e5dgivning betr\u00e4ffande olika finansieringsformer (remburser, v\u00e4xlar, promissory notes etc.), Ans\u00f6kning\/r\u00e5dgivning i samband kreditf\u00f6rs\u00e4kringar (EKN och privata alternativ), inklusive uppr\u00e4ttande av \u00a0 \u00a0 \u00a0 \u00a0 \u00a0 \u00a0 \u00a0 \u00a0 \u00a0 \u00a0 \u00a0 \u00a0 \u00a0 \u00a0 [&hellip;]<\/p>\n","protected":false},"author":1,"featured_media":0,"parent":29,"menu_order":0,"comment_status":"closed","ping_status":"closed","template":"page-templates\/full-width-page.php","meta":[],"_links":{"self":[{"href":"http:\/\/www.glofin.se\/sv\/wp-json\/wp\/v2\/pages\/25"}],"collection":[{"href":"http:\/\/www.glofin.se\/sv\/wp-json\/wp\/v2\/pages"}],"about":[{"href":"http:\/\/www.glofin.se\/sv\/wp-json\/wp\/v2\/types\/page"}],"author":[{"embeddable":true,"href":"http:\/\/www.glofin.se\/sv\/wp-json\/wp\/v2\/users\/1"}],"replies":[{"embeddable":true,"href":"http:\/\/www.glofin.se\/sv\/wp-json\/wp\/v2\/comments?post=25"}],"version-history":[{"count":6,"href":"http:\/\/www.glofin.se\/sv\/wp-json\/wp\/v2\/pages\/25\/revisions"}],"predecessor-version":[{"id":114,"href":"http:\/\/www.glofin.se\/sv\/wp-json\/wp\/v2\/pages\/25\/revisions\/114"}],"up":[{"embeddable":true,"href":"http:\/\/www.glofin.se\/sv\/wp-json\/wp\/v2\/pages\/29"}],"wp:attachment":[{"href":"http:\/\/www.glofin.se\/sv\/wp-json\/wp\/v2\/media?parent=25"}],"curies":[{"name":"wp","href":"https:\/\/api.w.org\/{rel}","templated":true}]}}