{"id":29,"date":"2015-09-28T23:25:35","date_gmt":"2015-09-28T21:25:35","guid":{"rendered":"http:\/\/www.glofin.se\/?page_id=29"},"modified":"2020-01-10T21:32:16","modified_gmt":"2020-01-10T20:32:16","slug":"our-services","status":"publish","type":"page","link":"http:\/\/www.glofin.se\/sv\/our-services\/","title":{"rendered":"V\u00e5ra tj\u00e4nster"},"content":{"rendered":"<p>V\u00e5ra tj\u00e4nster:<\/p>\n<ul>\n<li><a href=\"http:\/\/www.glofin.se\/sv\/our-services\/services\/\">Leasing, Hyra (Rental) och Kundfinansiering<\/a><\/li>\n<li><a href=\"http:\/\/www.glofin.se\/sv\/our-services\/trade-finance-and-export-related-services\/\">Trade Finance &amp; Exportrelaterade Tj\u00e4nster<\/a><\/li>\n<li><a href=\"http:\/\/www.glofin.se\/sv\/our-services\/about-leasing-and-rental\/\">Om Leasing och Hyra (Rental)<\/a><\/li>\n<\/ul>\n<p>Tveka inte kontakta undertecknade f\u00f6r en f\u00f6ruts\u00e4ttningsl\u00f6s diskussion om dessa tj\u00e4nster.<\/p>","protected":false},"excerpt":{"rendered":"<p>V\u00e5ra tj\u00e4nster: Leasing, Hyra (Rental) och Kundfinansiering Trade Finance &amp; Exportrelaterade Tj\u00e4nster Om Leasing och Hyra (Rental) Tveka inte kontakta undertecknade f\u00f6r en f\u00f6ruts\u00e4ttningsl\u00f6s diskussion om dessa tj\u00e4nster.<\/p>\n","protected":false},"author":1,"featured_media":0,"parent":0,"menu_order":0,"comment_status":"closed","ping_status":"closed","template":"","meta":[],"_links":{"self":[{"href":"http:\/\/www.glofin.se\/sv\/wp-json\/wp\/v2\/pages\/29"}],"collection":[{"href":"http:\/\/www.glofin.se\/sv\/wp-json\/wp\/v2\/pages"}],"about":[{"href":"http:\/\/www.glofin.se\/sv\/wp-json\/wp\/v2\/types\/page"}],"author":[{"embeddable":true,"href":"http:\/\/www.glofin.se\/sv\/wp-json\/wp\/v2\/users\/1"}],"replies":[{"embeddable":true,"href":"http:\/\/www.glofin.se\/sv\/wp-json\/wp\/v2\/comments?post=29"}],"version-history":[{"count":14,"href":"http:\/\/www.glofin.se\/sv\/wp-json\/wp\/v2\/pages\/29\/revisions"}],"predecessor-version":[{"id":167,"href":"http:\/\/www.glofin.se\/sv\/wp-json\/wp\/v2\/pages\/29\/revisions\/167"}],"wp:attachment":[{"href":"http:\/\/www.glofin.se\/sv\/wp-json\/wp\/v2\/media?parent=29"}],"curies":[{"name":"wp","href":"https:\/\/api.w.org\/{rel}","templated":true}]}}