{"id":51,"date":"2015-09-30T16:57:41","date_gmt":"2015-09-30T14:57:41","guid":{"rendered":"http:\/\/www.glofin.se\/?page_id=51"},"modified":"2015-10-26T11:02:43","modified_gmt":"2015-10-26T10:02:43","slug":"about-leasing-and-rental","status":"publish","type":"page","link":"http:\/\/www.glofin.se\/sv\/our-services\/about-leasing-and-rental\/","title":{"rendered":"Om Leasing \/ Hyra"},"content":{"rendered":"<p>F\u00f6rdelarna och till\u00e4mpningarna av leasing- och hyresprodukten \u00e4r m\u00e5nga och den kan anv\u00e4ndas f\u00f6r finansiering av de flesta typer av utrustning. N\u00e5gra av f\u00f6rdelarna med denna typ av finansiering \u00e4r:<\/p>\n<ul>\n<li>Ingen extra s\u00e4kerhet beh\u00f6vs normalt eftersom finansbolaget \u00e4ger utrustningen under leasing-\/hyresperioden,<\/li>\n<li>Ingen kontantinsats\/f\u00f6rsta f\u00f6rh\u00f6jd hyra (oftast) = ingen likviditetsp\u00e5verkan f\u00f6rr\u00e4n utrustningen \u00e4r i produktion,<\/li>\n<li>Flexibel finansieringsform,<\/li>\n<li>Enkel att kalkylera och \u00f6verblicka eftersom avgiften\/hyran ofta \u00e4r fast \u00f6ver hela perioden,<\/li>\n<li>Tar inte kreditutrymme i anspr\u00e5k hos den egna banken (oftast).<\/li>\n<\/ul>\n<p><\/p>","protected":false},"excerpt":{"rendered":"<p>F\u00f6rdelarna och till\u00e4mpningarna av leasing- och hyresprodukten \u00e4r m\u00e5nga och den kan anv\u00e4ndas f\u00f6r finansiering av de flesta typer av utrustning. N\u00e5gra av f\u00f6rdelarna med denna typ av finansiering \u00e4r: Ingen extra s\u00e4kerhet beh\u00f6vs normalt eftersom finansbolaget \u00e4ger utrustningen under leasing-\/hyresperioden, Ingen kontantinsats\/f\u00f6rsta f\u00f6rh\u00f6jd hyra (oftast) = ingen likviditetsp\u00e5verkan f\u00f6rr\u00e4n utrustningen \u00e4r i produktion, Flexibel [&hellip;]<\/p>\n","protected":false},"author":1,"featured_media":0,"parent":29,"menu_order":0,"comment_status":"closed","ping_status":"closed","template":"page-templates\/full-width-page.php","meta":[],"_links":{"self":[{"href":"http:\/\/www.glofin.se\/sv\/wp-json\/wp\/v2\/pages\/51"}],"collection":[{"href":"http:\/\/www.glofin.se\/sv\/wp-json\/wp\/v2\/pages"}],"about":[{"href":"http:\/\/www.glofin.se\/sv\/wp-json\/wp\/v2\/types\/page"}],"author":[{"embeddable":true,"href":"http:\/\/www.glofin.se\/sv\/wp-json\/wp\/v2\/users\/1"}],"replies":[{"embeddable":true,"href":"http:\/\/www.glofin.se\/sv\/wp-json\/wp\/v2\/comments?post=51"}],"version-history":[{"count":3,"href":"http:\/\/www.glofin.se\/sv\/wp-json\/wp\/v2\/pages\/51\/revisions"}],"predecessor-version":[{"id":100,"href":"http:\/\/www.glofin.se\/sv\/wp-json\/wp\/v2\/pages\/51\/revisions\/100"}],"up":[{"embeddable":true,"href":"http:\/\/www.glofin.se\/sv\/wp-json\/wp\/v2\/pages\/29"}],"wp:attachment":[{"href":"http:\/\/www.glofin.se\/sv\/wp-json\/wp\/v2\/media?parent=51"}],"curies":[{"name":"wp","href":"https:\/\/api.w.org\/{rel}","templated":true}]}}