{"id":70,"date":"2015-10-01T11:27:49","date_gmt":"2015-10-01T09:27:49","guid":{"rendered":"http:\/\/www.glofin.se\/?page_id=70"},"modified":"2015-10-11T09:08:08","modified_gmt":"2015-10-11T07:08:08","slug":"solar-case-in-the-us","status":"publish","type":"page","link":"http:\/\/www.glofin.se\/sv\/experiencescompleted-assignments\/solar-case-in-the-us\/","title":{"rendered":"Solar projektet i USA"},"content":{"rendered":"<p>V\u00e4nligen referera till nedanst\u00e5ende pressklipp (Dagens Industri) samt YouTube videor avseende <span id=\"result_box\" class=\"short_text\" lang=\"sv\"><span class=\"hps\">framg\u00e5ngssaga<\/span> <span class=\"hps\">svenska<\/span> <span class=\"hps\">solenergi<\/span> <span class=\"hps\">till USA<\/span><\/span>. Tveka inte kontakta undertecknade f\u00f6r ytterligare information om detta projekt samt vunna erfarenheter.<\/p>\n<p><a href=\"http:\/\/www.glofin.se\/wp-content\/uploads\/2015\/10\/SolarSigObamasGlans-DI-20130920.pdf\" target=\"_blank\">Artikel Dagens Industri 2013-09-20<\/a><\/p>\n<p class=\"responsive-video-wrap clr\"><iframe loading=\"lazy\" title=\"Stefan Jonsson at GloFin AB\" width=\"1200\" height=\"675\" src=\"https:\/\/www.youtube.com\/embed\/omSRVrXAQRc?feature=oembed\" frameborder=\"0\" allow=\"accelerometer; autoplay; clipboard-write; encrypted-media; gyroscope; picture-in-picture; web-share\" allowfullscreen><\/iframe><\/p>\n<p class=\"responsive-video-wrap clr\"><iframe loading=\"lazy\" title=\"Swedish Solar Energy to the Unites States - CleanTech Region success story\" width=\"1200\" height=\"675\" src=\"https:\/\/www.youtube.com\/embed\/2EI4hJLrj5U?feature=oembed\" frameborder=\"0\" allow=\"accelerometer; autoplay; clipboard-write; encrypted-media; gyroscope; picture-in-picture; web-share\" allowfullscreen><\/iframe><\/p>\n<p>&nbsp;<\/p>","protected":false},"excerpt":{"rendered":"<p>V\u00e4nligen referera till nedanst\u00e5ende pressklipp (Dagens Industri) samt YouTube videor avseende framg\u00e5ngssaga svenska solenergi till USA. Tveka inte kontakta undertecknade f\u00f6r ytterligare information om detta projekt samt vunna erfarenheter. Artikel Dagens Industri 2013-09-20 &nbsp;<\/p>\n","protected":false},"author":1,"featured_media":0,"parent":76,"menu_order":0,"comment_status":"closed","ping_status":"closed","template":"","meta":[],"_links":{"self":[{"href":"http:\/\/www.glofin.se\/sv\/wp-json\/wp\/v2\/pages\/70"}],"collection":[{"href":"http:\/\/www.glofin.se\/sv\/wp-json\/wp\/v2\/pages"}],"about":[{"href":"http:\/\/www.glofin.se\/sv\/wp-json\/wp\/v2\/types\/page"}],"author":[{"embeddable":true,"href":"http:\/\/www.glofin.se\/sv\/wp-json\/wp\/v2\/users\/1"}],"replies":[{"embeddable":true,"href":"http:\/\/www.glofin.se\/sv\/wp-json\/wp\/v2\/comments?post=70"}],"version-history":[{"count":5,"href":"http:\/\/www.glofin.se\/sv\/wp-json\/wp\/v2\/pages\/70\/revisions"}],"predecessor-version":[{"id":117,"href":"http:\/\/www.glofin.se\/sv\/wp-json\/wp\/v2\/pages\/70\/revisions\/117"}],"up":[{"embeddable":true,"href":"http:\/\/www.glofin.se\/sv\/wp-json\/wp\/v2\/pages\/76"}],"wp:attachment":[{"href":"http:\/\/www.glofin.se\/sv\/wp-json\/wp\/v2\/media?parent=70"}],"curies":[{"name":"wp","href":"https:\/\/api.w.org\/{rel}","templated":true}]}}