{"id":76,"date":"2015-10-01T11:40:58","date_gmt":"2015-10-01T09:40:58","guid":{"rendered":"http:\/\/www.glofin.se\/?page_id=76"},"modified":"2020-01-10T21:29:55","modified_gmt":"2020-01-10T20:29:55","slug":"experiencescompleted-assignments","status":"publish","type":"page","link":"http:\/\/www.glofin.se\/sv\/experiencescompleted-assignments\/","title":{"rendered":"Erfarenheter\/Genomf\u00f6rda uppdrag"},"content":{"rendered":"<p><strong>Exempel p\u00e5 erfarenheter\/genomf\u00f6rda uppdrag:<\/strong><\/p>\n<ul>\n<li>Etablerande av program f\u00f6r vendorfinansiering avseende b\u00e5de mid- och small ticket- aff\u00e4rer i Sverige, USA och ett flertal andra l\u00e4nder i och utanf\u00f6r Europa,<\/li>\n<li>Leasingfinansiering av st\u00f6rre maskininvesteringar i m\u00e5nga olika l\u00e4nder runt om i v\u00e4rlden i n\u00e4ra samarbete med ett flertal leverant\u00f6rer,<\/li>\n<li>Sale- &amp; leaseback transaktioner,<\/li>\n<li>Finansieringsuppl\u00e4gg f\u00f6r stora milj\u00f6teknikrelaterade investeringar i USA och Europa,<\/li>\n<li>Kundfinansiering av investeringar i infrastrukturutrustning i Sverige,<\/li>\n<li>Projektfinansiering av investeringar i milj\u00f6teknik, b\u00e5de i Europa och USA,<\/li>\n<li>Skr\u00e4ddarsydda funktionshyresuppl\u00e4gg avseende st\u00f6rre fordonsinvesteringar i Afrika,<\/li>\n<li>EKN-garanterade exportaff\u00e4rer.<\/li>\n<\/ul>\n<p><strong>Ytterligare exempel:<\/strong><\/p>\n<p><a href=\"http:\/\/www.glofin.se\/sv\/solar-case-in-the-us\/\">Solar projektet i USA<\/a><\/p>\n<p>Tveka inte kontakta undertecknade f\u00f6r ytterligare information och en f\u00f6ruts\u00e4ttningsl\u00f6s diskussion om v\u00e5ra tj\u00e4nster.<\/p>\n<p><\/p>","protected":false},"excerpt":{"rendered":"<p>Exempel p\u00e5 erfarenheter\/genomf\u00f6rda uppdrag: Etablerande av program f\u00f6r vendorfinansiering avseende b\u00e5de mid- och small ticket- aff\u00e4rer i Sverige, USA och ett flertal andra l\u00e4nder i och utanf\u00f6r Europa, Leasingfinansiering av st\u00f6rre maskininvesteringar i m\u00e5nga olika l\u00e4nder runt om i v\u00e4rlden i n\u00e4ra samarbete med ett flertal leverant\u00f6rer, Sale- &amp; leaseback transaktioner, Finansieringsuppl\u00e4gg f\u00f6r stora milj\u00f6teknikrelaterade [&hellip;]<\/p>\n","protected":false},"author":1,"featured_media":0,"parent":0,"menu_order":0,"comment_status":"closed","ping_status":"closed","template":"","meta":[],"_links":{"self":[{"href":"http:\/\/www.glofin.se\/sv\/wp-json\/wp\/v2\/pages\/76"}],"collection":[{"href":"http:\/\/www.glofin.se\/sv\/wp-json\/wp\/v2\/pages"}],"about":[{"href":"http:\/\/www.glofin.se\/sv\/wp-json\/wp\/v2\/types\/page"}],"author":[{"embeddable":true,"href":"http:\/\/www.glofin.se\/sv\/wp-json\/wp\/v2\/users\/1"}],"replies":[{"embeddable":true,"href":"http:\/\/www.glofin.se\/sv\/wp-json\/wp\/v2\/comments?post=76"}],"version-history":[{"count":6,"href":"http:\/\/www.glofin.se\/sv\/wp-json\/wp\/v2\/pages\/76\/revisions"}],"predecessor-version":[{"id":166,"href":"http:\/\/www.glofin.se\/sv\/wp-json\/wp\/v2\/pages\/76\/revisions\/166"}],"wp:attachment":[{"href":"http:\/\/www.glofin.se\/sv\/wp-json\/wp\/v2\/media?parent=76"}],"curies":[{"name":"wp","href":"https:\/\/api.w.org\/{rel}","templated":true}]}}